{"id":413,"date":"2020-11-02T14:41:54","date_gmt":"2020-11-02T14:41:54","guid":{"rendered":"https:\/\/www.gourmetproductsexport.com\/?page_id=413"},"modified":"2021-06-30T18:47:25","modified_gmt":"2021-06-30T18:47:25","slug":"jamones","status":"publish","type":"page","link":"https:\/\/www.gourmetproductsexport.com\/index.php\/jamones\/","title":{"rendered":"Jamones"},"content":{"rendered":"<p>[vc_row css_animation=\u00bb\u00bb row_type=\u00bbrow\u00bb use_row_as_full_screen_section=\u00bbno\u00bb type=\u00bbfull_width\u00bb angled_section=\u00bbno\u00bb text_align=\u00bbleft\u00bb background_image_as_pattern=\u00bbwithout_pattern\u00bb][vc_column][vc_column_text]<!-- The Grid Plugin Version 2.7.8 --><!-- The Grid Wrapper Start --><div class=\"tg-grid-wrapper tg-nav-under full-height\" id=\"grid-1131\" data-version=\"2.7.8\"><!-- The Grid Styles --><style class=\"tg-grid-styles\" type=\"text\/css\" scoped>#grid-1131 .tg-nav-color:not(.dots):not(.tg-dropdown-value):not(.tg-dropdown-title):not(.tg-filter-name):hover,#grid-1131 .tg-page-number.tg-page-current,#grid-1131 .tg-filter-active span:not(.tg-filter-count){color:#701943}#grid-1131 .tg-filter:not(.tg-dropdown-item):after{border-bottom:3px solid #701943}#grid-1131 .tg-search-holder:before,#grid-1131 .tg-dropdown-holder:before,#grid-1131 .tg-filter:not(.tg-dropdown-item):before{border-bottom:1px solid #DDDDDD}.tg-nav-under .tg-nav-font,.tg-nav-under input[type=text].tg-search{font-size:13px;font-weight:600;text-transform:uppercase}.tg-nav-under .tg-search::-webkit-input-placeholder{font-size:13px;font-weight:600;text-transform:uppercase}.tg-nav-under .tg-search::-moz-placeholder{font-size:13px;font-weight:600;text-transform:uppercase}.tg-nav-under .tg-search:-ms-input-placeholder{font-size:13px;font-weight:600;text-transform:uppercase}.tg-nav-under .tg-dropdown-item{font-weight:normal}.tg-nav-under .tg-dropdown-item{text-transform:none}.tg-nav-under a.tg-page-number{border:none}.tg-nav-under .tg-filter{margin:0 0 5px 0}.tg-nav-under .tg-filter-name{padding-left:20px;padding-right:20px}.tg-nav-under .tg-filter{padding-top:14px}.tg-nav-under .tg-filter-name{padding-bottom:14px}.tg-nav-under .tg-sorter-order,.tg-nav-under .tg-search-holder,.tg-nav-under .tg-dropdown-holder,.tg-nav-under .tg-ajax-button,.tg-nav-under .tg-pagination-holder,.tg-nav-under .tg-slider-bullets-holder,.tg-nav-under .tg-left-arrow,.tg-nav-under .tg-right-arrow{padding-top:14px;padding-bottom:14px}.tg-nav-under .tg-search-holder:before,.tg-nav-under .tg-dropdown-holder:before,.tg-nav-under .tg-filter:not(.tg-dropdown-item):before{content:\"\";position:absolute;display:block;top:0;bottom:0;left:0;right:0;opacity:0.6}.tg-nav-under .tg-filter:not(.tg-dropdown-item):after{content:\"\";position:absolute;display:block;top:0;bottom:0;left:0;right:0;margin:0 auto;opacity:0;-webkit-transform:scale(0,1);-moz-transform:scale(0,1);-ms-transform:scale(0,1);-o-transform:scale(0,1);transform:scale(0,1);-webkit-transition:-webkit-transform 0.2s linear,opacity 0.2s linear;-moz-transition:-moz-transform 0.2s linear,opacity 0.2s linear;-ms-transition:-ms-transform 0.2s linear,opacity 0.2s linear;-o-transition:-o-transform 0.2s linear,opacity 0.2s linear;transition:transform 0.2s linear,opacity 0.2s linear}.tg-nav-under .tg-filter.tg-filter-active:after,.tg-nav-under .tg-filter:hover:after{opacity:1;-webkit-transform:scale(1,1);-moz-transform:scale(1,1);-ms-transform:scale(1,1);-o-transform:scale(1,1);transform:scale(1,1)}.tg-nav-under .tg-left-arrow:before,.tg-nav-under .tg-right-arrow:before,.tg-nav-under .tg-icon-dropdown-open:before,.tg-nav-under .tg-icon-sorter-down:before,.tg-nav-under .tg-icon-sorter-up:before{font-weight:bolder;font-size:17px;position:relative}.tg-nav-under .tg-icon-left-arrow:before{content:\"\\e604\";font-size:32px;font-weight:100}.tg-nav-under .tg-icon-right-arrow:before{content:\"\\e602\";font-size:32px;font-weight:100}.tg-nav-under .tg-icon-dropdown-open:before,.tg-nav-under .tg-icon-sorter-down:before{content:\"\\e60a\"}.tg-nav-under .tg-icon-sorter-up:before{content:\"\\e609\"}.tg-nav-under .tg-search-clear:before{content:\"\\e611\";font-weight:300}.tg-nav-under .tg-search-icon:before{content:\"\\e62e\";font-size:16px;font-weight:600}.tg-nav-under .tg-page-number{font-size:14px}.tg-nav-under .tg-grid-area-left .tg-left-arrow,.tg-nav-under .tg-grid-area-right .tg-right-arrow{width:40px;height:40px;line-height:40px;padding:0}.tg-nav-under .tg-grid-area-left .tg-icon-left-arrow:before,.tg-nav-under .tg-grid-area-right .tg-icon-right-arrow:before{top:0;line-height:40px}#grid-1131 .tg-nav-color,#grid-1131 .tg-search-icon:hover:before,#grid-1131 .tg-search-icon:hover input,#grid-1131 .tg-disabled:hover .tg-icon-left-arrow,#grid-1131 .tg-disabled:hover .tg-icon-right-arrow,#grid-1131 .tg-dropdown-title.tg-nav-color:hover{color:#999999}#grid-1131 input.tg-search:hover{color:#999999 !important}#grid-1131 input.tg-search::-webkit-input-placeholder{color:#999999}#grid-1131 input.tg-search::-moz-placeholder{color:#999999;opacity:1}#grid-1131 input.tg-search:-ms-input-placeholder{color:#999999}.grid-1131 .tg-dropdown-item{color:#777777;background:#ffffff}.grid-1131 .tg-filter-active,.grid-1131 .tg-dropdown-item:hover{color:#444444;background:#f5f6fa}#grid-1131 .tg-slider-bullets li.tg-active-item span{background:#59585b}#grid-1131 .tg-slider-bullets li span{background:#DDDDDD}#grid-1131 .tg-grid-area-top2{text-align:center;margin-bottom:25px}#grid-1131 .tg-grid-area-bottom1{text-align:center}.suva a,.suva a:active,.suva a:focus,.suva .tg-item-cart-button a,.suva .tg-item-media-holder,.suva .tg-item-content-inner,.suva .tg-item-title,.suva .tg-item-price,.suva .tg-item-on-sale,.suva .yith-wcwl-add-to-wishlist,.suva .tg-item-cart-button,.suva .tg-item-rating{text-decoration:none;border:none;-webkit-box-shadow:none;box-shadow:none;-webkit-transition:opacity 0.5s ease,color 0.35s ease,-webkit-transform 0.5s cubic-bezier(.37,1.02,.44,1.38);-moz-transition:opacity 0.5s ease,color 0.35s ease,-moz-transform 0.5s cubic-bezier(.37,1.02,.44,1.38);-ms-transition:opacity 0.5s ease,color 0.35s ease,-ms-transform 0.5s cubic-bezier(.37,1.02,.44,1.38);-o-transition:opacity 0.5s ease,color 0.35s ease,-o-transform 0.5s cubic-bezier(.37,1.02,.44,1.38);transition:opacity 0.5s ease,color 0.35s ease,transform 0.5s cubic-bezier(.37,1.02,.44,1.38)}.suva .tg-item-link{position:absolute;display:block;top:-1000%;left:0;width:100%;height:2000%}.suva .tg-item-content-inner,.suva .tg-item-media-holder,.suva .tg-item-overlay{position:absolute;overflow:hidden;display:block;top:0;left:0;bottom:0;right:0;text-align:center}.suva .tg-item-content-inner{opacity:0;overflow:hidden}.suva:hover .tg-item-content-inner{opacity:1}.suva .tg-alternative-product-image{position:absolute;display:block;top:0;left:0;width:100%;height:100%;opacity:0}.suva:hover .tg-alternative-product-image{opacity:1}.suva .tg-item-title,.suva .tg-item-title a{position:relative;font-size:18px;line-height:24px;font-weight:normal;margin:0 !important;padding:0 !important}.suva .tg-item-title{opacity:0;-webkit-transform:translate3d(-70px,0,0);-moz-transform:translate3d(-70px,0,0);-0-transform:translate3d(-70px,0,0);transform:translate3d(-70px,0,0);margin:5px 30px 5px 30px !important}.suva .tg-item-price{opacity:0;-webkit-transform:translate3d(70px,0,0);-moz-transform:translate3d(70px,0,0);-0-transform:translate3d(70px,0,0);transform:translate3d(70px,0,0)}.suva .tg-item-rating{opacity:0;-webkit-transform:translate3d(0,35px,0);-moz-transform:translate3d(0,35px,0);-0-transform:translate3d(0,35px,0);transform:translate3d(0,35px,0)}.suva .yith-wcwl-add-to-wishlist{-webkit-transform:scale3d(0.5,0.5,0.5);-moz-transform:scale3d(0.5,0.5,0.5);-0-transform:scale3d(0.5,0.5,0.5);transform:scale3d(0.5,0.5,0.5)}.suva .tg-item-cart-button a{opacity:0;-webkit-transform:matrix3d(0.8,0,0,0,0,0,0.8,-0.0007,0,-1,0,0,0,0,0,1);-moz-transform:matrix3d(0.8,0,0,0,0,0,0.8,-0.0007,0,-1,0,0,0,0,0,1);-ms-transform:matrix3d(0.8,0,0,0,0,0,0.8,-0.0007,0,-1,0,0,0,0,0,1);-o-transform:matrix3d(0.8,0,0,0,0,0,0.8,-0.0007,0,-1,0,0,0,0,0,1);transform:matrix3d(0.8,0,0,0,0,0,0.8,-0.0007,0,-1,0,0,0,0,0,1)}.suva:hover .yith-wcwl-add-to-wishlist,.suva:hover .tg-item-cart-button a,.suva:hover .tg-item-rating,.suva:hover .tg-item-title,.suva:hover .tg-item-price{opacity:1;-webkit-transform:translate3d(0,0,0);-moz-transform:translate3d(0,0,0);-0-transform:translate3d(0,0,0);transform:translate3d(0,0,0)}.suva .no-margin .tg-item-title{margin:0 30px 5px 30px !important}.suva .tg-cats-holder{position:relative;display:block;margin:0 30px 10px 30px;font-size:13px;line-height:18px}.suva .tg-cats-holder span{font-style:italic}.suva .tg-item-rating,.suva .tg-item-rating .star-rating span{position:absolute;display:block;overflow:hidden;left:0;right:0;margin:0 auto;bottom:22px;height:18px;width:89px;text-align:center}.suva .tg-item-rating .star-rating span{top:0;bottom:0;margin:0}.suva .tg-item-rating .star-rating{position:absolute;display:block;overflow:hidden;top:0;left:0;height:100%;width:100%}.suva .tg-item-rating .star-rating:before,.suva .tg-item-rating .star-rating span:before{position:absolute;display:block;overflow:hidden;content:\"\\e636\\e636\\e636\\e636\\e636\";top:0;left:0;width:89px;height:100%;color:#cccccc;text-align:left;letter-spacing:2px;white-space:nowrap;line-height:16px;font-size:16px;font-family:'the_grid';speak:none;font-style:normal;font-weight:normal;font-variant:normal;text-transform:none}.suva .tg-item-rating .star-rating span:before{color:#FFD700}.suva .yith-wcwl-add-to-wishlist{position:absolute;top:14px;right:14px;height:16px;width:16px;margin:0;padding:0}.suva .yith-wcwl-add-button img{display:none !important}.suva .yith-wcwl-wishlistaddedbrowse:before,.suva .yith-wcwl-wishlistexistsbrowse:before{content:\"\\f004\";font-family:FontAwesome;font-size:16px;font-style:normal;font-weight:normal;text-align:center;height:29px;line-height:29px}.suva .add_to_wishlist:before{content:\"\\f08a\";font-family:FontAwesome;font-size:16px;font-style:normal;font-weight:normal;text-align:center;height:29px;line-height:29px}.suva .yith-wcwl-wishlistaddedbrowse,.suva .yith-wcwl-wishlistexistsbrowse{color:#ff6863 !important}.suva .yith-wcwl-add-to-wishlist > *{display:none;font-size:0}.suva .yith-wcwl-add-to-wishlist a,.suva .yith-wcwl-add-to-wishlist .yith-wcwl-add-button,.suva .yith-wcwl-add-to-wishlist .yith-wcwl-wishlistaddedbrowse,.suva .yith-wcwl-add-to-wishlist .yith-wcwl-wishlistexistsbrowse,.suva .yith-wcwl-add-to-wishlist *:before{position:absolute;overflow:hidden;display:block;z-index:0;width:17px;height:17px;top:0;left:0;font-size:0;line-height:0;padding:0;text-align:center;line-height:17px}.suva .yith-wcwl-add-to-wishlist *:before{font-size:15px}.suva .tg-item-cart-button,.suva .tg-item-cart-button a{position:relative;display:block;overflow:hidden;padding:0 !important;margin:0 !important;border:none !important;outline:none !important;text-transform:uppercase;font-weight:600;line-height:28px !important;background:none !important;box-shadow:none}.suva .added_to_cart:before{content:\"\\e612\";font-size:20px;line-height:45px;position:relative;display:inline-block;top:2px;padding:0 8px 0 0;line-height:0;text-indent:0;font-size:14px;font-size:16px;text-align:center;font-family:'the_grid';speak:none;font-style:normal;font-weight:600;font-variant:normal;text-transform:none}.suva .tg-item-cart-button a:hover{opacity:0.8}.suva .add_to_cart_button.added{display:none}.suva .tg-item-cart-button{margin:24px 0 0 0!important}.suva .added_to_cart{position:relative;display:block;line-height:28px}.suva .tg-item-price{position:relative;display:block;padding:0;margin:0;line-height:1}.suva .tg-item-price span{font-size:24px;font-weight:600}.suva .tg-item-price del span{font-size:16px;font-weight:normal;color:inherit !important}.suva .tg-item-price ins{text-decoration:none}.suva .tg-item-on-sale{position:absolute;opacity:1;top:24px;left:14px;width:auto}.suva:hover .tg-item-on-sale{opacity:0}.suva .tg-item-on-sale span{margin:0;padding:16px 10px;color:#ffffff !important;background:#FF4F57;font-size:12px;text-transform:uppercase;font-weight:600;border-radius:50%}.tg-item .tg-dark div,.tg-item .tg-dark h1,.tg-item .tg-dark h1 a,.tg-item .tg-dark h2,.tg-item .tg-dark h2 a,.tg-item .tg-dark h3,.tg-item .tg-dark h3 a,.tg-item .tg-dark h4,.tg-item .tg-dark h4 a,.tg-item .tg-dark h5,.tg-item .tg-dark h5 a,.tg-item .tg-dark h6,.tg-item .tg-dark h6 a,.tg-item .tg-dark a,.tg-item .tg-dark a.tg-link-url,.tg-item .tg-dark i,.tg-item .tg-dark .tg-media-button,.tg-item .tg-dark .tg-item-price span{color:#444444;fill:#444444;stroke:#444444;border-color:#444444}.tg-item .tg-dark p,.tg-item .tg-dark ol,.tg-item .tg-dark ul,.tg-item .tg-dark li{color:#777777;fill:#777777;stroke:#777777;border-color:#777777}.tg-item .tg-dark span,.tg-item .tg-dark .no-liked .to-heart-icon path,.tg-item .tg-dark .empty-heart .to-heart-icon path,.tg-item .tg-dark .tg-item-comment i,.tg-item .tg-dark .tg-item-price del span{color:#999999;fill:#999999;stroke:#999999;border-color:#999999}.tg-item .tg-light div,.tg-item .tg-light h1,.tg-item .tg-light h1 a,.tg-item .tg-light h2,.tg-item .tg-light h2 a,.tg-item .tg-light h3,.tg-item .tg-light h3 a,.tg-item .tg-light h4,.tg-item .tg-light h4 a,.tg-item .tg-light h5,.tg-item .tg-light h5 a,.tg-item .tg-light h6,.tg-item .tg-light h6 a,.tg-item .tg-light a,.tg-item .tg-light a.tg-link-url,.tg-item .tg-light i,.tg-item .tg-light .tg-media-button,.tg-item .tg-light .tg-item-price span{color:#ffffff;fill:#ffffff;stroke:#ffffff;border-color:#ffffff}.tg-item .tg-light p,.tg-item .tg-light ol,.tg-item .tg-light ul,.tg-item .tg-light li{color:#f5f5f5;fill:#f5f5f5;stroke:#f5f5f5;border-color:#f5f5f5}.tg-item .tg-light span,.tg-item .tg-light .no-liked .to-heart-icon path,.tg-item .tg-light .empty-heart .to-heart-icon path,.tg-item .tg-light .tg-item-comment i,.tg-item .tg-light .tg-item-price del span{color:#f6f6f6;fill:#f6f6f6;stroke:#f6f6f6;border-color:#f6f6f6}#grid-1131 .tg-item-content-holder{background-color:#ffffff}#grid-1131 .tg-item-overlay{background-color:rgba(22,22,22,0.65)}<\/style><!-- The Grid Item Sizer --><div class=\"tg-grid-sizer\"><\/div><!-- The Grid Gutter Sizer --><div class=\"tg-gutter-sizer\"><\/div><!-- The Grid Area Top 2 --><div class=\"tg-grid-area-top2\"><div class=\"tg-filters-holder\"><div class=\"tg-filter tg-nav-color tg-nav-border tg-nav-font\" data-taxo=\"category\" data-filter=\".f40\"><span class=\"tg-filter-name tg-nav-color tg-nav-font\">ENRIQUE CASTA\u00d1O<\/span><\/div><\/div><div class=\"tg-filters-holder\"><div class=\"tg-filter tg-nav-color tg-nav-border tg-nav-font\" data-taxo=\"category\" data-filter=\".f41\"><span class=\"tg-filter-name tg-nav-color tg-nav-font\">iBEDUL<\/span><\/div><\/div><div class=\"tg-filters-holder\"><div class=\"tg-filter tg-nav-color tg-nav-border tg-nav-font\" data-taxo=\"category\" data-filter=\".f50\"><span class=\"tg-filter-name tg-nav-color tg-nav-font\">JAMONES VALLEJO<\/span><\/div><\/div><\/div><!-- The Grid Items Holder --><div class=\"tg-grid-holder tg-layout-grid\"  data-name=\"Grid-JamonesDO\"  data-style=\"grid\" data-row=\"1\" data-layout=\"vertical\" data-rtl=\"\" data-fitrows=\"\" data-filtercomb=\"\" data-filterlogic=\"AND\" data-filterload =\"\" data-sortbyload =\"\" data-orderload =\"false\" data-fullwidth=\"\" data-fullheight=\"null\" data-gutters=\"[[320,25],[480,25],[768,25],[980,25],[1200,25],[9999,25]]\" data-slider='{\"itemNav\":\"null\",\"swingSpeed\":0.1,\"cycleBy\":\"null\",\"cycle\":5000,\"startAt\":1}' data-ratio=\"0.67\" data-cols=\"[[320,1],[480,1],[768,1],[980,1],[1200,2],[9999,4]]\" data-rows=\"[[320,200],[480,200],[768,220],[980,220],[1200,240],[9999,240]]\" data-animation='{&quot;name&quot;:&quot;Fade in&quot;,&quot;visible&quot;:&quot;&quot;,&quot;hidden&quot;:&quot;&quot;}' data-transition=\"700ms\" data-ajaxmethod=\"\" data-ajaxdelay=\"100\" data-preloader=\"\" data-itemdelay=\"100\" data-gallery=\"\" data-ajax=\"\"><!-- The Grid item #1 --><article class=\"tg-item tg-post-1536 suva f28 f33 f50\" data-row=\"1\" data-col=\"1\"><div class=\"tg-item-inner\"><div class=\"tg-item-media-holder tg-light\"><div class=\"tg-item-media-inner\"><div class=\"tg-item-image\" style=\"background-image: url(https:\/\/www.gourmetproductsexport.com\/wp-content\/uploads\/2021\/04\/jamonVallejoetiquetaroja.jpg)\"><\/div><\/div><\/div><div class=\"tg-item-content-inner tg-light no-margin\"><div class=\"tg-item-overlay\"><\/div><div class=\"tg-center-holder\"><div class=\"tg-center-inner\"><a class=\"tg-item-link\" href=\"https:\/\/www.gourmetproductsexport.com\/index.php\/2021\/04\/07\/jamon-vallejo-i-g-p-trevelez-de-17-a-20-meses\/\" target=\"_self\"><\/a><h2 class=\"tg-item-title\"><a href=\"https:\/\/www.gourmetproductsexport.com\/index.php\/2021\/04\/07\/jamon-vallejo-i-g-p-trevelez-de-17-a-20-meses\/\" target=\"_self\">Jam\u00f3n Vallejo I.G.P Trevelez de 17 a 20 meses<\/a><\/h2><\/div><\/div><\/div><\/div><\/article><!-- The Grid item #2 --><article class=\"tg-item tg-post-1533 suva f28 f33 f50\" data-row=\"1\" data-col=\"1\"><div class=\"tg-item-inner\"><div class=\"tg-item-media-holder tg-light\"><div class=\"tg-item-media-inner\"><div class=\"tg-item-image\" style=\"background-image: url(https:\/\/www.gourmetproductsexport.com\/wp-content\/uploads\/2021\/04\/jamonVallejoetiquetanegra.jpg)\"><\/div><\/div><\/div><div class=\"tg-item-content-inner tg-light no-margin\"><div class=\"tg-item-overlay\"><\/div><div class=\"tg-center-holder\"><div class=\"tg-center-inner\"><a class=\"tg-item-link\" href=\"https:\/\/www.gourmetproductsexport.com\/index.php\/2021\/04\/07\/jamon-vallejo-i-g-p-trevelez-de-20-a-24-meses\/\" target=\"_self\"><\/a><h2 class=\"tg-item-title\"><a href=\"https:\/\/www.gourmetproductsexport.com\/index.php\/2021\/04\/07\/jamon-vallejo-i-g-p-trevelez-de-20-a-24-meses\/\" target=\"_self\">Jam\u00f3n Vallejo I.G.P Trevelez de 20 a 24 meses<\/a><\/h2><\/div><\/div><\/div><\/div><\/article><!-- The Grid item #3 --><article class=\"tg-item tg-post-782 suva f28 f40 f33\" data-row=\"1\" data-col=\"1\"><div class=\"tg-item-inner\"><div class=\"tg-item-media-holder tg-light\"><div class=\"tg-item-media-inner\"><div class=\"tg-item-image\" style=\"background-image: url(https:\/\/www.gourmetproductsexport.com\/wp-content\/uploads\/2021\/01\/jamones-enrique-castano-iberico-100.jpg)\"><\/div><\/div><\/div><div class=\"tg-item-content-inner tg-light no-margin\"><div class=\"tg-item-overlay\"><\/div><div class=\"tg-center-holder\"><div class=\"tg-center-inner\"><a class=\"tg-item-link\" href=\"https:\/\/www.gourmetproductsexport.com\/index.php\/2021\/01\/08\/jamon-iberico-de-bellota-100\/\" target=\"_self\"><\/a><h2 class=\"tg-item-title\"><a href=\"https:\/\/www.gourmetproductsexport.com\/index.php\/2021\/01\/08\/jamon-iberico-de-bellota-100\/\" target=\"_self\">JAMON IB\u00c9RICO DE BELLOTA 100%<\/a><\/h2><\/div><\/div><\/div><\/div><\/article><!-- The Grid item #4 --><article class=\"tg-item tg-post-812 suva f28 f41 f33\" data-row=\"1\" data-col=\"1\"><div class=\"tg-item-inner\"><div class=\"tg-item-media-holder tg-light\"><div class=\"tg-item-media-inner\"><div class=\"tg-item-image\" style=\"background-image: url(https:\/\/www.gourmetproductsexport.com\/wp-content\/uploads\/2020\/12\/J-bellota-iberico-100-IB.jpg)\"><\/div><\/div><\/div><div class=\"tg-item-content-inner tg-light no-margin\"><div class=\"tg-item-overlay\"><\/div><div class=\"tg-center-holder\"><div class=\"tg-center-inner\"><a class=\"tg-item-link\" href=\"https:\/\/www.gourmetproductsexport.com\/index.php\/2020\/12\/30\/jamon-de-bellota-100-iberico\/\" target=\"_self\"><\/a><h2 class=\"tg-item-title\"><a href=\"https:\/\/www.gourmetproductsexport.com\/index.php\/2020\/12\/30\/jamon-de-bellota-100-iberico\/\" target=\"_self\">JAM\u00d3N DE BELLOTA 100% IB\u00c9RICO<\/a><\/h2><\/div><\/div><\/div><\/div><\/article><!-- The Grid item #5 --><article class=\"tg-item tg-post-785 suva f28 f40 f33\" data-row=\"1\" data-col=\"1\"><div class=\"tg-item-inner\"><div class=\"tg-item-media-holder tg-light\"><div class=\"tg-item-media-inner\"><div class=\"tg-item-image\" style=\"background-image: url(https:\/\/www.gourmetproductsexport.com\/wp-content\/uploads\/2020\/12\/jamon-enrique-castano-cebo-100.jpg)\"><\/div><\/div><\/div><div class=\"tg-item-content-inner tg-light no-margin\"><div class=\"tg-item-overlay\"><\/div><div class=\"tg-center-holder\"><div class=\"tg-center-inner\"><a class=\"tg-item-link\" href=\"https:\/\/www.gourmetproductsexport.com\/index.php\/2020\/12\/28\/jamon-de-cebo-100-iberico\/\" target=\"_self\"><\/a><h2 class=\"tg-item-title\"><a href=\"https:\/\/www.gourmetproductsexport.com\/index.php\/2020\/12\/28\/jamon-de-cebo-100-iberico\/\" target=\"_self\">JAM\u00d3N DE CEBO CAMPO 100% IB\u00c9RICO<\/a><\/h2><\/div><\/div><\/div><\/div><\/article><!-- The Grid item #6 --><article class=\"tg-item tg-post-808 suva f28 f41 f33\" data-row=\"1\" data-col=\"1\"><div class=\"tg-item-inner\"><div class=\"tg-item-media-holder tg-light\"><div class=\"tg-item-media-inner\"><div class=\"tg-item-image\" style=\"background-image: url(https:\/\/www.gourmetproductsexport.com\/wp-content\/uploads\/2020\/12\/J-cebo-campo-iberico-ib.jpg)\"><\/div><\/div><\/div><div class=\"tg-item-content-inner tg-light no-margin\"><div class=\"tg-item-overlay\"><\/div><div class=\"tg-center-holder\"><div class=\"tg-center-inner\"><a class=\"tg-item-link\" href=\"https:\/\/www.gourmetproductsexport.com\/index.php\/2020\/12\/28\/jamon-cebo-campo-iberico\/\" target=\"_self\"><\/a><h2 class=\"tg-item-title\"><a href=\"https:\/\/www.gourmetproductsexport.com\/index.php\/2020\/12\/28\/jamon-cebo-campo-iberico\/\" target=\"_self\">JAM\u00d3N CEBO CAMPO IB\u00c9RICO<\/a><\/h2><\/div><\/div><\/div><\/div><\/article><!-- The Grid item #7 --><article class=\"tg-item tg-post-816 suva f28 f41 f33\" data-row=\"1\" data-col=\"1\"><div class=\"tg-item-inner\"><div class=\"tg-item-media-holder tg-light\"><div class=\"tg-item-media-inner\"><div class=\"tg-item-image\" style=\"background-image: url(https:\/\/www.gourmetproductsexport.com\/wp-content\/uploads\/2020\/12\/J-Bellot-iberico-100-D.O-IB.jpg)\"><\/div><\/div><\/div><div class=\"tg-item-content-inner tg-light no-margin\"><div class=\"tg-item-overlay\"><\/div><div class=\"tg-center-holder\"><div class=\"tg-center-inner\"><a class=\"tg-item-link\" href=\"https:\/\/www.gourmetproductsexport.com\/index.php\/2020\/12\/28\/jamon-de-bellota-100-iberico-d-o-los-pedroches\/\" target=\"_self\"><\/a><h2 class=\"tg-item-title\"><a href=\"https:\/\/www.gourmetproductsexport.com\/index.php\/2020\/12\/28\/jamon-de-bellota-100-iberico-d-o-los-pedroches\/\" target=\"_self\">JAM\u00d3N DE BELLOTA 100% IB\u00c9RICO D.O. LOS PEDROCHES<\/a><\/h2><\/div><\/div><\/div><\/div><\/article><!-- The Grid item #8 --><article class=\"tg-item tg-post-799 suva f28 f41 f33\" data-row=\"1\" data-col=\"1\"><div class=\"tg-item-inner\"><div class=\"tg-item-media-holder tg-light\"><div class=\"tg-item-media-inner\"><div class=\"tg-item-image\" style=\"background-image: url(https:\/\/www.gourmetproductsexport.com\/wp-content\/uploads\/2020\/12\/Plantilla-vinos.jpg)\"><\/div><\/div><\/div><div class=\"tg-item-content-inner tg-light no-margin\"><div class=\"tg-item-overlay\"><\/div><div class=\"tg-center-holder\"><div class=\"tg-center-inner\"><a class=\"tg-item-link\" href=\"https:\/\/www.gourmetproductsexport.com\/index.php\/2020\/12\/27\/jamon-cebo-iberico-raza-iberica\/\" target=\"_self\"><\/a><h2 class=\"tg-item-title\"><a href=\"https:\/\/www.gourmetproductsexport.com\/index.php\/2020\/12\/27\/jamon-cebo-iberico-raza-iberica\/\" target=\"_self\">JAM\u00d3N CEBO IB\u00c9RICO RAZA IB\u00c9RICA<\/a><\/h2><\/div><\/div><\/div><\/div><\/article><!-- The Grid item #9 --><article class=\"tg-item tg-post-797 suva f28 f40 f33\" data-row=\"1\" data-col=\"1\"><div class=\"tg-item-inner\"><div class=\"tg-item-media-holder tg-light\"><div class=\"tg-item-media-inner\"><div class=\"tg-item-image\" style=\"background-image: url(https:\/\/www.gourmetproductsexport.com\/wp-content\/uploads\/2020\/12\/jamon-enrique-castano-gran-reserva.jpg)\"><\/div><\/div><\/div><div class=\"tg-item-content-inner tg-light no-margin\"><div class=\"tg-item-overlay\"><\/div><div class=\"tg-center-holder\"><div class=\"tg-center-inner\"><a class=\"tg-item-link\" href=\"https:\/\/www.gourmetproductsexport.com\/index.php\/2020\/12\/24\/jamon-gran-reserva\/\" target=\"_self\"><\/a><h2 class=\"tg-item-title\"><a href=\"https:\/\/www.gourmetproductsexport.com\/index.php\/2020\/12\/24\/jamon-gran-reserva\/\" target=\"_self\">Jam\u00f3n IB\u00c9RICO Gran Reserva<\/a><\/h2><\/div><\/div><\/div><\/div><\/article><!-- The Grid item #10 --><article class=\"tg-item tg-post-756 suva f28 f40 f33\" data-row=\"1\" data-col=\"1\"><div class=\"tg-item-inner\"><div class=\"tg-item-media-holder tg-light\"><div class=\"tg-item-media-inner\"><div class=\"tg-item-image\" style=\"background-image: url(https:\/\/www.gourmetproductsexport.com\/wp-content\/uploads\/2020\/12\/jamon-enrique-castano-summum.jpg)\"><\/div><\/div><\/div><div class=\"tg-item-content-inner tg-light no-margin\"><div class=\"tg-item-overlay\"><\/div><div class=\"tg-center-holder\"><div class=\"tg-center-inner\"><a class=\"tg-item-link\" href=\"https:\/\/www.gourmetproductsexport.com\/index.php\/2020\/12\/02\/jamon-bellota-100-d-o-p-enrrique-castano\/\" target=\"_self\"><\/a><h2 class=\"tg-item-title\"><a href=\"https:\/\/www.gourmetproductsexport.com\/index.php\/2020\/12\/02\/jamon-bellota-100-d-o-p-enrrique-castano\/\" target=\"_self\">SUMMUM JAM\u00d3N BELLOTA  100% D.O.P ENRIQUE CASTA\u00d1O<\/a><\/h2><\/div><\/div><\/div><\/div><\/article><\/div><\/div><!-- The Grid Wrapper End -->[\/vc_column_text][vc_empty_space height=\u00bb80px\u00bb][\/vc_column][\/vc_row]<\/p>\n","protected":false},"excerpt":{"rendered":"<p>[vc_row css_animation=\u00bb\u00bb row_type=\u00bbrow\u00bb use_row_as_full_screen_section=\u00bbno\u00bb type=\u00bbfull_width\u00bb angled_section=\u00bbno\u00bb text_align=\u00bbleft\u00bb background_image_as_pattern=\u00bbwithout_pattern\u00bb][vc_column][vc_column_text][\/vc_column_text][vc_empty_space height=\u00bb80px\u00bb][\/vc_column][\/vc_row]<\/p>\n","protected":false},"author":1,"featured_media":0,"parent":0,"menu_order":0,"comment_status":"closed","ping_status":"closed","template":"","meta":[],"_links":{"self":[{"href":"https:\/\/www.gourmetproductsexport.com\/index.php\/wp-json\/wp\/v2\/pages\/413"}],"collection":[{"href":"https:\/\/www.gourmetproductsexport.com\/index.php\/wp-json\/wp\/v2\/pages"}],"about":[{"href":"https:\/\/www.gourmetproductsexport.com\/index.php\/wp-json\/wp\/v2\/types\/page"}],"author":[{"embeddable":true,"href":"https:\/\/www.gourmetproductsexport.com\/index.php\/wp-json\/wp\/v2\/users\/1"}],"replies":[{"embeddable":true,"href":"https:\/\/www.gourmetproductsexport.com\/index.php\/wp-json\/wp\/v2\/comments?post=413"}],"version-history":[{"count":21,"href":"https:\/\/www.gourmetproductsexport.com\/index.php\/wp-json\/wp\/v2\/pages\/413\/revisions"}],"predecessor-version":[{"id":1318,"href":"https:\/\/www.gourmetproductsexport.com\/index.php\/wp-json\/wp\/v2\/pages\/413\/revisions\/1318"}],"wp:attachment":[{"href":"https:\/\/www.gourmetproductsexport.com\/index.php\/wp-json\/wp\/v2\/media?parent=413"}],"curies":[{"name":"wp","href":"https:\/\/api.w.org\/{rel}","templated":true}]}}