{"id":1372,"date":"2021-02-18T14:30:53","date_gmt":"2021-02-18T14:30:53","guid":{"rendered":"https:\/\/www.gourmetproductsexport.com\/?page_id=1372"},"modified":"2021-02-18T22:37:27","modified_gmt":"2021-02-18T22:37:27","slug":"politica-de-cookies","status":"publish","type":"page","link":"https:\/\/www.gourmetproductsexport.com\/index.php\/politica-de-cookies\/","title":{"rendered":"Pol\u00edtica de cookies"},"content":{"rendered":"<p>[vc_row css_animation=\u00bb\u00bb row_type=\u00bbrow\u00bb use_row_as_full_screen_section=\u00bbno\u00bb type=\u00bbfull_width\u00bb angled_section=\u00bbno\u00bb text_align=\u00bbleft\u00bb background_image_as_pattern=\u00bbwithout_pattern\u00bb][vc_column][vc_empty_space]<div id=\"mpc_textblock-6169e5e7c6cd8e0\" class=\"mpc-textblock mpc-init \"><p>El sitio web www.gourmetproductsexport.com utiliza cookies con la finalidad de prestarle una mejor experiencia en su navegaci\u00f3n. Asimismo, en caso de que preste su consentimiento, utilizaremos cookies que nos permitan obtener m\u00e1s informaci\u00f3n acerca de sus preferencias y personalizar nuestro Sitio Web de conformidad con sus intereses individuales, para que tenga una navegaci\u00f3n m\u00e1s fluida y personalizada.<\/p>\n<p>&nbsp;<\/p>\n<p>Desde Gourmet Products queremos informarle de manera clara y precisa sobre las cookies que utilizamos en nuestro sitio web.<\/p>\n<p>Usted podr\u00e1 en todo momento aceptar las cookies, rechazarlas o bien configurar las diferentes cookies que usamos.<\/p>\n<p>En caso de que quiera obtener m\u00e1s informaci\u00f3n sobre el uso y la finalidad que hacemos de las cookies implementadas en nuestro sitio web, puede escribir un correo electr\u00f3nico a gourmetproductsexport@hotmail.com<\/p>\n<p>&nbsp;<\/p>\n<p><strong>\u00bfQu\u00e9 es una cookie?<\/strong><\/p>\n<p>Una cookie es un peque\u00f1o archivo que se descarga en el ordenador, tablet o smartphone del usuario, con la finalidad de almacenar datos e informaci\u00f3n que podr\u00e1n ser actualizados y recuperados por la entidad responsable de su instalaci\u00f3n.<\/p>\n<p>La informaci\u00f3n recabada a trav\u00e9s de las cookies puede incluir la fecha y hora de visitas al sitio web, las distintas pesta\u00f1as que usted ha visionado o el tiempo que ha permanecido en el mismo.<\/p>\n<p>Esta informaci\u00f3n ser\u00e1 utilizada por el titular de la web para mejorar sus contenidos, hacer m\u00e1s atractiva la web y colocar correctamente los contenidos que m\u00e1s interesan a los visitantes.<\/p>\n<p>&nbsp;<\/p>\n<p><strong>\u00bfQu\u00e9 tipos de cookies utiliza este sitio web?<\/strong><\/p>\n<p>Este sitio web utiliza:<\/p>\n<p><strong>\u2013 Cookies propias<\/strong><\/p>\n<p>Esta tipolog\u00eda de cookies son enviadas a su ordenador y gestionadas exclusivamente por nosotros para el mejor funcionamiento del sitio web. La informaci\u00f3n que recabamos se emplea para mejorar la calidad de nuestro servicio y su experiencia como usuario.<\/p>\n<p><strong>\u2013 Cookies de terceros:<\/strong><\/p>\n<p>Son aquellas que se env\u00edan a su equipo desde un equipo o dominio que no es gestionado por nosotros, sino por otra entidad colaboradora. Las cookies anal\u00edticas utilizadas por Google, o las utilizadas por las redes sociales para ofrecer al usuario la posibilidad de compartir o recomendar contenidos de nuestra p\u00e1gina web en las mismas.<\/p>\n<p>Se describen a continuaci\u00f3n las tipolog\u00edas de cookies que puede encontrar en una web.<\/p>\n<p>Las cookies necesarias son absolutamente esenciales para que el sitio web funcione correctamente. Estas cookies garantizan funcionalidades b\u00e1sicas y caracter\u00edsticas de seguridad del sitio web, de forma an\u00f3nima.<\/p>\n<p>Las cookies anal\u00edticas se utilizan para comprender c\u00f3mo interact\u00faan los visitantes con el sitio web. Estas cookies ayudan a proporcionar informaci\u00f3n sobre las m\u00e9tricas, el n\u00famero de visitantes, la tasa de rebote, la fuente de tr\u00e1fico, etc.<\/p>\n<p>Las cookies de rendimiento se utilizan para comprender y analizar los \u00edndices clave de rendimiento del sitio web, lo que ayuda a ofrecer una mejor experiencia de usuario a los visitantes.<\/p>\n<p>Las cookies publicitarias se utilizan para proporcionar a los visitantes anuncios relevantes y campa\u00f1as de marketing. Estas cookies rastrean a los visitantes en los sitios web y recopilan informaci\u00f3n para proporcionar anuncios personalizados.<\/p>\n<p>Las cookies funcionales ayudan a realizar ciertas funcionalidades, como compartir el contenido del sitio web en plataformas de redes sociales, recopilar comentarios y otras caracter\u00edsticas de terceros.<\/p>\n<p>&nbsp;<\/p>\n<p>En concreto, las cookies utilizadas en este sitio web se detallan a continuaci\u00f3n:<\/p>\n<table>\n<tbody>\n<tr>\n<td><strong>Nombre de la<\/strong> <strong>cookie<\/strong><\/td>\n<td><strong>Finalidad<\/strong><\/td>\n<td><strong>Duraci\u00f3n<\/strong><\/td>\n<td><strong>Tipolog\u00eda de la cookie por su finalidad<\/strong><\/td>\n<\/tr>\n<tr>\n<td>_ga<\/td>\n<td>Se usa para distinguir a los usuarios.<\/td>\n<td>2 a\u00f1os<\/td>\n<td>Terceros.<\/td>\n<\/tr>\n<tr>\n<td>wp-settings-3<\/td>\n<td>Cookies de WordPress para personalizar la interfaz de usuario.<\/td>\n<td>1 a\u00f1o<\/td>\n<td>Propia<\/td>\n<\/tr>\n<tr>\n<td>wp-settings-time-3<\/td>\n<td><\/td>\n<td>1 a\u00f1o<\/td>\n<td>Propia<\/td>\n<\/tr>\n<\/tbody>\n<\/table>\n<p>En cumplimiento de la <strong>Ley 34\/2002 y del RGPD debe aceptarlas y dar su consentimiento expreso<\/strong>.<\/p>\n<p>Nuestra web tratar\u00e1 los datos que usted nos proporcione \u00fanicamente con la finalidad de gestionar el servicio que solicite en cada momento. Siempre podr\u00e1 dirigirse mediante la direcci\u00f3n de correo electr\u00f3nico gourmetproductsexport@hotmail.com, o por tel\u00e9fono para atenderle en todas sus dudas.<\/p>\n<p><strong>\u00a0<\/strong><\/p>\n<p><strong>\u00bfC\u00f3mo puedo configurar o deshabilitar las cookies que utiliza este sitio web?<\/strong><\/p>\n<p>Disponemos de un Plug-in que le permite aceptar, rechazar o configurar las cookies en todo momento.<\/p>\n<p>Adem\u00e1s, usted podr\u00e1 restringir o bloquear las cookies, a trav\u00e9s de la modificaci\u00f3n de la configuraci\u00f3n del navegador que utilice en su equipo. Con car\u00e1cter general los navegadores ofrecen las siguientes opciones de configuraci\u00f3n en relaci\u00f3n con la instalaci\u00f3n de cookies:<\/p>\n<p>\u2013\u00a0<a href=\"https:\/\/support.microsoft.com\/es-es\/help\/17442\/windows-internet-explorer-delete-manage-cookies\" target=\"_blank\" rel=\"noopener\">Internet Explorer<\/a><\/p>\n<p>\u2013\u00a0<a href=\"https:\/\/support.mozilla.org\/es\/kb\/habilitar-y-deshabilitar-cookies-sitios-web-rastrear-preferencias\" target=\"_blank\" rel=\"noopener\">Firefox<\/a><\/p>\n<p>\u2013\u00a0<a href=\"https:\/\/support.google.com\/accounts\/answer\/61416?co=GENIE.Platform%3DDesktop&amp;hl=es\" target=\"_blank\" rel=\"noopener\">Chrome<\/a><\/p>\n<p>\u2013\u00a0<a href=\"https:\/\/support.apple.com\/es-es\/guide\/safari\/sfri11471\/mac\" target=\"_blank\" rel=\"noopener\">Safari<\/a><\/p>\n<p>Si se impide la instalaci\u00f3n de todas las cookies de la p\u00e1gina web, algunas funcionalidades de la misma, as\u00ed como algunos contenidos pueden verse afectados.<\/p>\n<p><strong>\u00a0<\/strong><\/p>\n<p><strong>Cambios en la Pol\u00edtica de cookies<\/strong><\/p>\n<p>Es posible que actualicemos la pol\u00edtica de cookies de nuestro sitio web. Por este motivo, le recomendamos revisar esta pol\u00edtica cada vez que acceda a nuestro sitio web con el objetivo de estar adecuadamente informado sobre c\u00f3mo y para qu\u00e9 usamos las cookies. La pol\u00edtica de cookies de este sitio web se actualiz\u00f3 por \u00faltima vez a fecha de 19 de febrero de 2021.<\/p>\n<\/div>[vc_empty_space height=\u00bb90px\u00bb][\/vc_column][\/vc_row]<\/p>\n","protected":false},"excerpt":{"rendered":"<p>[vc_row css_animation=\u00bb\u00bb row_type=\u00bbrow\u00bb use_row_as_full_screen_section=\u00bbno\u00bb type=\u00bbfull_width\u00bb angled_section=\u00bbno\u00bb text_align=\u00bbleft\u00bb background_image_as_pattern=\u00bbwithout_pattern\u00bb][vc_column][vc_empty_space][vc_empty_space height=\u00bb90px\u00bb][\/vc_column][\/vc_row]<\/p>\n","protected":false},"author":3,"featured_media":0,"parent":0,"menu_order":0,"comment_status":"closed","ping_status":"closed","template":"","meta":[],"_links":{"self":[{"href":"https:\/\/www.gourmetproductsexport.com\/index.php\/wp-json\/wp\/v2\/pages\/1372"}],"collection":[{"href":"https:\/\/www.gourmetproductsexport.com\/index.php\/wp-json\/wp\/v2\/pages"}],"about":[{"href":"https:\/\/www.gourmetproductsexport.com\/index.php\/wp-json\/wp\/v2\/types\/page"}],"author":[{"embeddable":true,"href":"https:\/\/www.gourmetproductsexport.com\/index.php\/wp-json\/wp\/v2\/users\/3"}],"replies":[{"embeddable":true,"href":"https:\/\/www.gourmetproductsexport.com\/index.php\/wp-json\/wp\/v2\/comments?post=1372"}],"version-history":[{"count":7,"href":"https:\/\/www.gourmetproductsexport.com\/index.php\/wp-json\/wp\/v2\/pages\/1372\/revisions"}],"predecessor-version":[{"id":1563,"href":"https:\/\/www.gourmetproductsexport.com\/index.php\/wp-json\/wp\/v2\/pages\/1372\/revisions\/1563"}],"wp:attachment":[{"href":"https:\/\/www.gourmetproductsexport.com\/index.php\/wp-json\/wp\/v2\/media?parent=1372"}],"curies":[{"name":"wp","href":"https:\/\/api.w.org\/{rel}","templated":true}]}}